{"id":331,"date":"2021-02-23T14:34:50","date_gmt":"2021-02-23T19:34:50","guid":{"rendered":"http:\/\/www.itidablastorres.edu.co\/?page_id=331"},"modified":"2021-02-23T14:36:43","modified_gmt":"2021-02-23T19:36:43","slug":"vision-2","status":"publish","type":"page","link":"https:\/\/www.itidablastorres.edu.co\/?page_id=331","title":{"rendered":"Visi\u00f3n"},"content":{"rendered":"\t\t<div data-elementor-type=\"wp-page\" data-elementor-id=\"331\" class=\"elementor elementor-331\">\n\t\t\t\t\t\t<section class=\"elementor-section elementor-top-section elementor-element elementor-element-5f9387ea elementor-section-boxed elementor-section-height-default elementor-section-height-default\" data-id=\"5f9387ea\" data-element_type=\"section\">\n\t\t\t\t\t\t<div class=\"elementor-container elementor-column-gap-default\">\n\t\t\t\t\t<div class=\"elementor-column elementor-col-100 elementor-top-column elementor-element elementor-element-429ac403\" data-id=\"429ac403\" data-element_type=\"column\">\n\t\t\t<div class=\"elementor-widget-wrap elementor-element-populated\">\n\t\t\t\t\t\t<div class=\"elementor-element elementor-element-67c5d4d2 elementor-invisible elementor-widget elementor-widget-text-editor\" data-id=\"67c5d4d2\" data-element_type=\"widget\" data-settings=\"{&quot;_animation&quot;:&quot;fadeInDown&quot;}\" data-widget_type=\"text-editor.default\">\n\t\t\t\t<div class=\"elementor-widget-container\">\n\t\t\t\t\t\t\t\t\t\n<p class=\"has-drop-cap has-text-align-left\">Para el a\u00f1o 2025, mantendr\u00e1 su liderazgo en Soledad y la Regi\u00f3n Caribe Colombiana con reconocimiento por sus procesos de calidad t\u00e9cnica, acad\u00e9mica y humana; contar\u00e1 m\u00e1ximo con tres mil doscientos estudiantes, con una infraestructura y ambiente educativo adecuados. <\/p>\n\n\n\n<p class=\"has-drop-cap has-text-align-left\">Conservar\u00e1 y establecer\u00e1 convenios con Instituciones de Educaci\u00f3n Superior, de Formaci\u00f3n Laboral T\u00e9cnica, Cient\u00edfica y con el Sector Empresarial a fin de que sus egresados contin\u00faen con amplio reconocimiento social<\/p>\n\t\t\t\t\t\t\t\t<\/div>\n\t\t\t\t<\/div>\n\t\t\t\t\t<\/div>\n\t\t<\/div>\n\t\t\t\t\t<\/div>\n\t\t<\/section>\n\t\t\t\t<\/div>\n\t\t","protected":false},"excerpt":{"rendered":"<p>Para el a\u00f1o 2025, mantendr\u00e1 su liderazgo en Soledad y la Regi\u00f3n Caribe Colombiana con reconocimiento por sus procesos de calidad t\u00e9cnica, acad\u00e9mica y humana; contar\u00e1 m\u00e1ximo con tres mil doscientos estudiantes, con una infraestructura y ambiente educativo adecuados. Conservar\u00e1 y establecer\u00e1 convenios con Instituciones de Educaci\u00f3n Superior, de Formaci\u00f3n Laboral T\u00e9cnica, Cient\u00edfica y con el Sector Empresarial a fin de que sus egresados contin\u00faen con amplio reconocimiento social<\/p>\n","protected":false},"author":1,"featured_media":0,"parent":0,"menu_order":0,"comment_status":"closed","ping_status":"closed","template":"","meta":{"footnotes":""},"class_list":["post-331","page","type-page","status-publish","hentry"],"_links":{"self":[{"href":"https:\/\/www.itidablastorres.edu.co\/index.php?rest_route=\/wp\/v2\/pages\/331","targetHints":{"allow":["GET"]}}],"collection":[{"href":"https:\/\/www.itidablastorres.edu.co\/index.php?rest_route=\/wp\/v2\/pages"}],"about":[{"href":"https:\/\/www.itidablastorres.edu.co\/index.php?rest_route=\/wp\/v2\/types\/page"}],"author":[{"embeddable":true,"href":"https:\/\/www.itidablastorres.edu.co\/index.php?rest_route=\/wp\/v2\/users\/1"}],"replies":[{"embeddable":true,"href":"https:\/\/www.itidablastorres.edu.co\/index.php?rest_route=%2Fwp%2Fv2%2Fcomments&post=331"}],"version-history":[{"count":3,"href":"https:\/\/www.itidablastorres.edu.co\/index.php?rest_route=\/wp\/v2\/pages\/331\/revisions"}],"predecessor-version":[{"id":335,"href":"https:\/\/www.itidablastorres.edu.co\/index.php?rest_route=\/wp\/v2\/pages\/331\/revisions\/335"}],"wp:attachment":[{"href":"https:\/\/www.itidablastorres.edu.co\/index.php?rest_route=%2Fwp%2Fv2%2Fmedia&parent=331"}],"curies":[{"name":"wp","href":"https:\/\/api.w.org\/{rel}","templated":true}]}}