{"id":30,"date":"2014-06-11T00:36:05","date_gmt":"2014-06-11T00:36:05","guid":{"rendered":"http:\/\/itidablastorres.edu.co\/?page_id=30"},"modified":"2021-02-23T14:32:09","modified_gmt":"2021-02-23T19:32:09","slug":"mision","status":"publish","type":"page","link":"https:\/\/www.itidablastorres.edu.co\/?page_id=30","title":{"rendered":"Misi\u00f3n"},"content":{"rendered":"\n<p class=\"has-black-color has-text-color\">Somos una Instituci\u00f3n Educativa de car\u00e1cter oficial, de modalidad t\u00e9cnica industrial con reconocimiento por su alta calidad y amplio posicionamiento social, comprometida con el mejoramiento continuo en todos sus procesos que, a trav\u00e9s de un curr\u00edculo interdisciplinar, dise\u00f1ado por competencias, apoyado en principios y valores, proyecta a sus educandos hacia el campo laboral o a la Educaci\u00f3n Superior para responder a las necesidades del contexto social<\/p>\n","protected":false},"excerpt":{"rendered":"<p>Somos una Instituci\u00f3n Educativa de car\u00e1cter oficial, de modalidad t\u00e9cnica industrial con reconocimiento por su alta calidad y amplio posicionamiento social, comprometida con el mejoramiento continuo en todos sus procesos que, a trav\u00e9s de un curr\u00edculo interdisciplinar, dise\u00f1ado por competencias, apoyado en principios y valores, proyecta a sus educandos hacia el campo laboral o a la Educaci\u00f3n Superior para responder a las necesidades del contexto social<\/p>\n","protected":false},"author":1,"featured_media":0,"parent":0,"menu_order":0,"comment_status":"closed","ping_status":"closed","template":"","meta":{"footnotes":""},"class_list":["post-30","page","type-page","status-publish","hentry"],"_links":{"self":[{"href":"https:\/\/www.itidablastorres.edu.co\/index.php?rest_route=\/wp\/v2\/pages\/30","targetHints":{"allow":["GET"]}}],"collection":[{"href":"https:\/\/www.itidablastorres.edu.co\/index.php?rest_route=\/wp\/v2\/pages"}],"about":[{"href":"https:\/\/www.itidablastorres.edu.co\/index.php?rest_route=\/wp\/v2\/types\/page"}],"author":[{"embeddable":true,"href":"https:\/\/www.itidablastorres.edu.co\/index.php?rest_route=\/wp\/v2\/users\/1"}],"replies":[{"embeddable":true,"href":"https:\/\/www.itidablastorres.edu.co\/index.php?rest_route=%2Fwp%2Fv2%2Fcomments&post=30"}],"version-history":[{"count":3,"href":"https:\/\/www.itidablastorres.edu.co\/index.php?rest_route=\/wp\/v2\/pages\/30\/revisions"}],"predecessor-version":[{"id":330,"href":"https:\/\/www.itidablastorres.edu.co\/index.php?rest_route=\/wp\/v2\/pages\/30\/revisions\/330"}],"wp:attachment":[{"href":"https:\/\/www.itidablastorres.edu.co\/index.php?rest_route=%2Fwp%2Fv2%2Fmedia&parent=30"}],"curies":[{"name":"wp","href":"https:\/\/api.w.org\/{rel}","templated":true}]}}